{"id":1293,"date":"2021-07-19T09:54:40","date_gmt":"2021-07-19T07:54:40","guid":{"rendered":"http:\/\/pemeant.fr\/?page_id=1293"},"modified":"2021-07-29T15:57:54","modified_gmt":"2021-07-29T13:57:54","slug":"chauffage-solaire","status":"publish","type":"page","link":"https:\/\/pemeant.fr\/index.php\/chauffage-solaire\/","title":{"rendered":"Chauffage solaire"},"content":{"rendered":"\t\t<div data-elementor-type=\"wp-page\" data-elementor-id=\"1293\" class=\"elementor elementor-1293\" data-elementor-settings=\"[]\">\n\t\t\t\t\t\t\t<div class=\"elementor-section-wrap\">\n\t\t\t\t\t\t\t<section class=\"elementor-section elementor-top-section elementor-element elementor-element-6e477f6 elementor-section-boxed elementor-section-height-default elementor-section-height-default\" data-id=\"6e477f6\" data-element_type=\"section\">\n\t\t\t\t\t\t<div class=\"elementor-container elementor-column-gap-default\">\n\t\t\t\t\t<div class=\"elementor-column elementor-col-100 elementor-top-column elementor-element elementor-element-e8f6662\" data-id=\"e8f6662\" data-element_type=\"column\">\n\t\t\t<div class=\"elementor-widget-wrap elementor-element-populated\">\n\t\t\t\t\t\t\t\t<div class=\"elementor-element elementor-element-bd27de7 elementor-view-default elementor-widget elementor-widget-icon\" data-id=\"bd27de7\" data-element_type=\"widget\" data-widget_type=\"icon.default\">\n\t\t\t\t<div class=\"elementor-widget-container\">\n\t\t\t\t\t<div class=\"elementor-icon-wrapper\">\n\t\t\t<div class=\"elementor-icon\">\n\t\t\t<i aria-hidden=\"true\" class=\"fas fa-fire-alt\"><\/i>\t\t\t<\/div>\n\t\t<\/div>\n\t\t\t\t<\/div>\n\t\t\t\t<\/div>\n\t\t\t\t<div class=\"elementor-element elementor-element-f47119c elementor-widget elementor-widget-heading\" data-id=\"f47119c\" data-element_type=\"widget\" data-widget_type=\"heading.default\">\n\t\t\t\t<div class=\"elementor-widget-container\">\n\t\t\t<h2 class=\"elementor-heading-title elementor-size-default\">Le chauffage solaire<\/h2>\t\t<\/div>\n\t\t\t\t<\/div>\n\t\t\t\t\t<\/div>\n\t\t<\/div>\n\t\t\t\t\t\t\t<\/div>\n\t\t<\/section>\n\t\t\t\t<section class=\"elementor-section elementor-top-section elementor-element elementor-element-81b8765 elementor-section-boxed elementor-section-height-default elementor-section-height-default\" data-id=\"81b8765\" data-element_type=\"section\">\n\t\t\t\t\t\t<div class=\"elementor-container elementor-column-gap-default\">\n\t\t\t\t\t<div class=\"elementor-column elementor-col-50 elementor-top-column elementor-element elementor-element-c2b9216\" data-id=\"c2b9216\" data-element_type=\"column\">\n\t\t\t<div class=\"elementor-widget-wrap elementor-element-populated\">\n\t\t\t\t\t\t\t\t<div class=\"elementor-element elementor-element-899624d elementor-widget elementor-widget-text-editor\" data-id=\"899624d\" data-element_type=\"widget\" data-widget_type=\"text-editor.default\">\n\t\t\t\t<div class=\"elementor-widget-container\">\n\t\t\t\t\t\t\t\t<p><span style=\"color: #000000;\">Avec l&rsquo;\u00e9nergie solaire, le naturel revient au galop ! Afin d&rsquo;\u00e9quiper thermiquement votre maison, il faudra :<\/span><\/p><ul><li><span style=\"color: #000000;\">Des capteurs sur votre to\u00eet<\/span><\/li><li><span style=\"color: #000000;\">Un syst\u00e8me de circulation d&rsquo;eau<\/span><\/li><li><span style=\"color: #000000;\">Un plancher combin\u00e9 solaire<\/span><\/li><\/ul><p><span style=\"color: #000000;\">L&rsquo;\u00e9nergie solaire couvrant entre <strong>40<\/strong> et <strong>60%<\/strong> des besoins thermique d&rsquo;une habitation, il est pr\u00e9conis\u00e9 de coupler cette solution avec un chauffage d&rsquo;appoint pour une couverture maximale.<\/span><\/p><p><span style=\"color: #000000;\"><strong>Autre petit +<\/strong> <strong>non n\u00e9gligeable<\/strong>, l&rsquo;\u00c9tat encourage l&#8217;emploi de solutions solaires thermiques : en faisant tout dans les r\u00e8gles vous pourrez b\u00e9n\u00e9ficier de<strong> primes avantageuses.<\/strong><\/span><\/p>\t\t\t\t\t\t<\/div>\n\t\t\t\t<\/div>\n\t\t\t\t\t<\/div>\n\t\t<\/div>\n\t\t\t\t<div class=\"elementor-column elementor-col-50 elementor-top-column elementor-element elementor-element-23276cc\" data-id=\"23276cc\" data-element_type=\"column\">\n\t\t\t<div class=\"elementor-widget-wrap elementor-element-populated\">\n\t\t\t\t\t\t\t\t<div class=\"elementor-element elementor-element-a2a9ad9 elementor-widget elementor-widget-image\" data-id=\"a2a9ad9\" data-element_type=\"widget\" data-widget_type=\"image.default\">\n\t\t\t\t<div class=\"elementor-widget-container\">\n\t\t\t\t\t\t\t\t\t\t\t\t\t\t\t<img width=\"810\" height=\"544\" src=\"https:\/\/pemeant.fr\/wp-content\/uploads\/2021\/07\/Produktbild_Pellesol.png\" class=\"attachment-full size-full\" alt=\"\" loading=\"lazy\" srcset=\"https:\/\/pemeant.fr\/wp-content\/uploads\/2021\/07\/Produktbild_Pellesol.png 810w, https:\/\/pemeant.fr\/wp-content\/uploads\/2021\/07\/Produktbild_Pellesol-300x201.png 300w, https:\/\/pemeant.fr\/wp-content\/uploads\/2021\/07\/Produktbild_Pellesol-768x516.png 768w\" sizes=\"(max-width: 810px) 100vw, 810px\" \/>\t\t\t\t\t\t\t\t\t\t\t\t\t\t\t<\/div>\n\t\t\t\t<\/div>\n\t\t\t\t<div class=\"elementor-element elementor-element-1e9458b elementor-align-right elementor-widget elementor-widget-button\" data-id=\"1e9458b\" data-element_type=\"widget\" data-widget_type=\"button.default\">\n\t\t\t\t<div class=\"elementor-widget-container\">\n\t\t\t\t\t<div class=\"elementor-button-wrapper\">\n\t\t\t<a href=\"http:\/\/pemeant.fr\/index.php\/contact\/\" class=\"elementor-button-link elementor-button elementor-size-sm\" role=\"button\">\n\t\t\t\t\t\t<span class=\"elementor-button-content-wrapper\">\n\t\t\t\t\t\t<span class=\"elementor-button-text\">Contactez-nous<\/span>\n\t\t<\/span>\n\t\t\t\t\t<\/a>\n\t\t<\/div>\n\t\t\t\t<\/div>\n\t\t\t\t<\/div>\n\t\t\t\t\t<\/div>\n\t\t<\/div>\n\t\t\t\t\t\t\t<\/div>\n\t\t<\/section>\n\t\t\t\t\t\t<\/div>\n\t\t\t\t\t<\/div>\n\t\t","protected":false},"excerpt":{"rendered":"<p>Le chauffage solaire Avec l&rsquo;\u00e9nergie solaire, le naturel revient au galop ! Afin d&rsquo;\u00e9quiper thermiquement votre maison, il faudra : Des capteurs sur votre to\u00eet Un syst\u00e8me de circulation d&rsquo;eau Un plancher combin\u00e9 solaire L&rsquo;\u00e9nergie solaire couvrant entre 40 et 60% des besoins thermique d&rsquo;une habitation, il est pr\u00e9conis\u00e9 de coupler cette solution avec un &hellip;<\/p>\n<p class=\"read-more\"> <a class=\"\" href=\"https:\/\/pemeant.fr\/index.php\/chauffage-solaire\/\"> <span class=\"screen-reader-text\">Chauffage solaire<\/span> Lire la suite\u00a0\u00bb<\/a><\/p>\n","protected":false},"author":1,"featured_media":0,"parent":0,"menu_order":0,"comment_status":"closed","ping_status":"closed","template":"","meta":[],"_links":{"self":[{"href":"https:\/\/pemeant.fr\/index.php\/wp-json\/wp\/v2\/pages\/1293"}],"collection":[{"href":"https:\/\/pemeant.fr\/index.php\/wp-json\/wp\/v2\/pages"}],"about":[{"href":"https:\/\/pemeant.fr\/index.php\/wp-json\/wp\/v2\/types\/page"}],"author":[{"embeddable":true,"href":"https:\/\/pemeant.fr\/index.php\/wp-json\/wp\/v2\/users\/1"}],"replies":[{"embeddable":true,"href":"https:\/\/pemeant.fr\/index.php\/wp-json\/wp\/v2\/comments?post=1293"}],"version-history":[{"count":29,"href":"https:\/\/pemeant.fr\/index.php\/wp-json\/wp\/v2\/pages\/1293\/revisions"}],"predecessor-version":[{"id":1834,"href":"https:\/\/pemeant.fr\/index.php\/wp-json\/wp\/v2\/pages\/1293\/revisions\/1834"}],"wp:attachment":[{"href":"https:\/\/pemeant.fr\/index.php\/wp-json\/wp\/v2\/media?parent=1293"}],"curies":[{"name":"wp","href":"https:\/\/api.w.org\/{rel}","templated":true}]}}