{"id":1626,"date":"2021-07-28T10:08:48","date_gmt":"2021-07-28T08:08:48","guid":{"rendered":"http:\/\/pemeant.fr\/?page_id=1626"},"modified":"2021-07-28T10:21:34","modified_gmt":"2021-07-28T08:21:34","slug":"accessibilite-handicap","status":"publish","type":"page","link":"https:\/\/pemeant.fr\/index.php\/accessibilite-handicap\/","title":{"rendered":"Accessibilit\u00e9 \/ Handicap"},"content":{"rendered":"\t\t<div data-elementor-type=\"wp-page\" data-elementor-id=\"1626\" class=\"elementor elementor-1626\" data-elementor-settings=\"[]\">\n\t\t\t\t\t\t\t<div class=\"elementor-section-wrap\">\n\t\t\t\t\t\t\t<section class=\"elementor-section elementor-top-section elementor-element elementor-element-b51e885 elementor-section-boxed elementor-section-height-default elementor-section-height-default\" data-id=\"b51e885\" data-element_type=\"section\">\n\t\t\t\t\t\t<div class=\"elementor-container elementor-column-gap-default\">\n\t\t\t\t\t<div class=\"elementor-column elementor-col-100 elementor-top-column elementor-element elementor-element-9a240ce\" data-id=\"9a240ce\" data-element_type=\"column\">\n\t\t\t<div class=\"elementor-widget-wrap elementor-element-populated\">\n\t\t\t\t\t\t\t\t<section class=\"elementor-section elementor-inner-section elementor-element elementor-element-a7c0bb3 elementor-section-boxed elementor-section-height-default elementor-section-height-default\" data-id=\"a7c0bb3\" data-element_type=\"section\">\n\t\t\t\t\t\t<div class=\"elementor-container elementor-column-gap-default\">\n\t\t\t\t\t<div class=\"elementor-column elementor-col-50 elementor-inner-column elementor-element elementor-element-e1f0933\" data-id=\"e1f0933\" data-element_type=\"column\">\n\t\t\t<div class=\"elementor-widget-wrap elementor-element-populated\">\n\t\t\t\t\t\t\t\t<div class=\"elementor-element elementor-element-07231e8 elementor-view-default elementor-widget elementor-widget-icon\" data-id=\"07231e8\" data-element_type=\"widget\" data-widget_type=\"icon.default\">\n\t\t\t\t<div class=\"elementor-widget-container\">\n\t\t\t\t\t<div class=\"elementor-icon-wrapper\">\n\t\t\t<div class=\"elementor-icon\">\n\t\t\t<i aria-hidden=\"true\" class=\"fas fa-wheelchair\"><\/i>\t\t\t<\/div>\n\t\t<\/div>\n\t\t\t\t<\/div>\n\t\t\t\t<\/div>\n\t\t\t\t\t<\/div>\n\t\t<\/div>\n\t\t\t\t<div class=\"elementor-column elementor-col-50 elementor-inner-column elementor-element elementor-element-2ecd36d\" data-id=\"2ecd36d\" data-element_type=\"column\">\n\t\t\t<div class=\"elementor-widget-wrap elementor-element-populated\">\n\t\t\t\t\t\t\t\t<div class=\"elementor-element elementor-element-36f2b1b elementor-widget elementor-widget-heading\" data-id=\"36f2b1b\" data-element_type=\"widget\" data-widget_type=\"heading.default\">\n\t\t\t\t<div class=\"elementor-widget-container\">\n\t\t\t<h2 class=\"elementor-heading-title elementor-size-default\">Accessibilit\u00e9 \/ Handicap<\/h2>\t\t<\/div>\n\t\t\t\t<\/div>\n\t\t\t\t\t<\/div>\n\t\t<\/div>\n\t\t\t\t\t\t\t<\/div>\n\t\t<\/section>\n\t\t\t\t<section class=\"elementor-section elementor-inner-section elementor-element elementor-element-301fcc3 elementor-section-boxed elementor-section-height-default elementor-section-height-default\" data-id=\"301fcc3\" data-element_type=\"section\">\n\t\t\t\t\t\t<div class=\"elementor-container elementor-column-gap-default\">\n\t\t\t\t\t<div class=\"elementor-column elementor-col-50 elementor-inner-column elementor-element elementor-element-360c4f3\" data-id=\"360c4f3\" data-element_type=\"column\">\n\t\t\t<div class=\"elementor-widget-wrap elementor-element-populated\">\n\t\t\t\t\t\t\t\t<div class=\"elementor-element elementor-element-18832c5 elementor-widget elementor-widget-text-editor\" data-id=\"18832c5\" data-element_type=\"widget\" data-widget_type=\"text-editor.default\">\n\t\t\t\t<div class=\"elementor-widget-container\">\n\t\t\t\t\t\t\t\t<p>En tant que professionnels labellis\u00e9s, nous sommes tout \u00e0 fait qualifi\u00e9s pour la r\u00e9alisation d&rsquo;espaces sanitaires \u00e0 destination de personnes \u00e0 mobilit\u00e9 r\u00e9duite ou en situation de handicap. Des aides d&rsquo;organismes d\u00e9partementaux peuvent, dans certains cas, \u00eatre sollicit\u00e9es afin de r\u00e9duire le co\u00fbt de ces travaux. N&rsquo;h\u00e9sitez pas \u00e0 nous contacter pour toute question, afin d&rsquo;en apprendre un peu plus !<\/p>\t\t\t\t\t\t<\/div>\n\t\t\t\t<\/div>\n\t\t\t\t<div class=\"elementor-element elementor-element-92aa257 elementor-widget elementor-widget-button\" data-id=\"92aa257\" data-element_type=\"widget\" data-widget_type=\"button.default\">\n\t\t\t\t<div class=\"elementor-widget-container\">\n\t\t\t\t\t<div class=\"elementor-button-wrapper\">\n\t\t\t<a href=\"http:\/\/pemeant.fr\/index.php\/contact\/\" class=\"elementor-button-link elementor-button elementor-size-sm\" role=\"button\">\n\t\t\t\t\t\t<span class=\"elementor-button-content-wrapper\">\n\t\t\t\t\t\t<span class=\"elementor-button-text\">Cliquez ici<\/span>\n\t\t<\/span>\n\t\t\t\t\t<\/a>\n\t\t<\/div>\n\t\t\t\t<\/div>\n\t\t\t\t<\/div>\n\t\t\t\t\t<\/div>\n\t\t<\/div>\n\t\t\t\t<div class=\"elementor-column elementor-col-50 elementor-inner-column elementor-element elementor-element-5e2dccb\" data-id=\"5e2dccb\" data-element_type=\"column\">\n\t\t\t<div class=\"elementor-widget-wrap elementor-element-populated\">\n\t\t\t\t\t\t\t\t<div class=\"elementor-element elementor-element-bc2ac69 elementor-widget elementor-widget-image\" data-id=\"bc2ac69\" data-element_type=\"widget\" data-widget_type=\"image.default\">\n\t\t\t\t<div class=\"elementor-widget-container\">\n\t\t\t\t\t\t\t\t\t\t\t\t\t\t\t<img width=\"1024\" height=\"912\" src=\"https:\/\/pemeant.fr\/wp-content\/uploads\/2021\/07\/wc-toilet-public-toilet-1210963-1024x912.jpg\" class=\"attachment-large size-large\" alt=\"wc, toilet, public toilet\" loading=\"lazy\" srcset=\"https:\/\/pemeant.fr\/wp-content\/uploads\/2021\/07\/wc-toilet-public-toilet-1210963-1024x912.jpg 1024w, https:\/\/pemeant.fr\/wp-content\/uploads\/2021\/07\/wc-toilet-public-toilet-1210963-300x267.jpg 300w, https:\/\/pemeant.fr\/wp-content\/uploads\/2021\/07\/wc-toilet-public-toilet-1210963-768x684.jpg 768w, https:\/\/pemeant.fr\/wp-content\/uploads\/2021\/07\/wc-toilet-public-toilet-1210963.jpg 1280w\" sizes=\"(max-width: 1024px) 100vw, 1024px\" \/>\t\t\t\t\t\t\t\t\t\t\t\t\t\t\t<\/div>\n\t\t\t\t<\/div>\n\t\t\t\t\t<\/div>\n\t\t<\/div>\n\t\t\t\t\t\t\t<\/div>\n\t\t<\/section>\n\t\t\t\t\t<\/div>\n\t\t<\/div>\n\t\t\t\t\t\t\t<\/div>\n\t\t<\/section>\n\t\t\t\t\t\t<\/div>\n\t\t\t\t\t<\/div>\n\t\t","protected":false},"excerpt":{"rendered":"<p>Accessibilit\u00e9 \/ Handicap En tant que professionnels labellis\u00e9s, nous sommes tout \u00e0 fait qualifi\u00e9s pour la r\u00e9alisation d&rsquo;espaces sanitaires \u00e0 destination de personnes \u00e0 mobilit\u00e9 r\u00e9duite ou en situation de handicap. Des aides d&rsquo;organismes d\u00e9partementaux peuvent, dans certains cas, \u00eatre sollicit\u00e9es afin de r\u00e9duire le co\u00fbt de ces travaux. N&rsquo;h\u00e9sitez pas \u00e0 nous contacter pour &hellip;<\/p>\n<p class=\"read-more\"> <a class=\"\" href=\"https:\/\/pemeant.fr\/index.php\/accessibilite-handicap\/\"> <span class=\"screen-reader-text\">Accessibilit\u00e9 \/ Handicap<\/span> Lire la suite\u00a0\u00bb<\/a><\/p>\n","protected":false},"author":1,"featured_media":0,"parent":0,"menu_order":0,"comment_status":"closed","ping_status":"closed","template":"","meta":[],"_links":{"self":[{"href":"https:\/\/pemeant.fr\/index.php\/wp-json\/wp\/v2\/pages\/1626"}],"collection":[{"href":"https:\/\/pemeant.fr\/index.php\/wp-json\/wp\/v2\/pages"}],"about":[{"href":"https:\/\/pemeant.fr\/index.php\/wp-json\/wp\/v2\/types\/page"}],"author":[{"embeddable":true,"href":"https:\/\/pemeant.fr\/index.php\/wp-json\/wp\/v2\/users\/1"}],"replies":[{"embeddable":true,"href":"https:\/\/pemeant.fr\/index.php\/wp-json\/wp\/v2\/comments?post=1626"}],"version-history":[{"count":5,"href":"https:\/\/pemeant.fr\/index.php\/wp-json\/wp\/v2\/pages\/1626\/revisions"}],"predecessor-version":[{"id":1633,"href":"https:\/\/pemeant.fr\/index.php\/wp-json\/wp\/v2\/pages\/1626\/revisions\/1633"}],"wp:attachment":[{"href":"https:\/\/pemeant.fr\/index.php\/wp-json\/wp\/v2\/media?parent=1626"}],"curies":[{"name":"wp","href":"https:\/\/api.w.org\/{rel}","templated":true}]}}