{"id":775,"date":"2021-04-20T16:47:23","date_gmt":"2021-04-20T14:47:23","guid":{"rendered":"http:\/\/pemeant.fr\/?page_id=775"},"modified":"2021-08-11T10:15:09","modified_gmt":"2021-08-11T08:15:09","slug":"chauffe-eau-solaire","status":"publish","type":"page","link":"https:\/\/pemeant.fr\/index.php\/chauffe-eau-solaire\/","title":{"rendered":"Chauffe-eau solaire"},"content":{"rendered":"\t\t<div data-elementor-type=\"wp-page\" data-elementor-id=\"775\" class=\"elementor elementor-775\" data-elementor-settings=\"[]\">\n\t\t\t\t\t\t\t<div class=\"elementor-section-wrap\">\n\t\t\t\t\t\t\t<section class=\"elementor-section elementor-top-section elementor-element elementor-element-262d9df elementor-section-content-middle elementor-section-boxed elementor-section-height-default elementor-section-height-default\" data-id=\"262d9df\" data-element_type=\"section\" data-settings=\"{&quot;background_background&quot;:&quot;classic&quot;}\">\n\t\t\t\t\t\t<div class=\"elementor-container elementor-column-gap-no\">\n\t\t\t\t\t<div class=\"elementor-column elementor-col-50 elementor-top-column elementor-element elementor-element-258231d\" data-id=\"258231d\" data-element_type=\"column\">\n\t\t\t<div class=\"elementor-widget-wrap elementor-element-populated\">\n\t\t\t\t\t\t\t\t<div class=\"elementor-element elementor-element-091eba1 elementor-hidden-desktop elementor-widget elementor-widget-spacer\" data-id=\"091eba1\" data-element_type=\"widget\" data-widget_type=\"spacer.default\">\n\t\t\t\t<div class=\"elementor-widget-container\">\n\t\t\t\t\t<div class=\"elementor-spacer\">\n\t\t\t<div class=\"elementor-spacer-inner\"><\/div>\n\t\t<\/div>\n\t\t\t\t<\/div>\n\t\t\t\t<\/div>\n\t\t\t\t<div class=\"elementor-element elementor-element-ebc1e08 elementor-view-stacked elementor-shape-circle elementor-widget elementor-widget-icon\" data-id=\"ebc1e08\" data-element_type=\"widget\" data-widget_type=\"icon.default\">\n\t\t\t\t<div class=\"elementor-widget-container\">\n\t\t\t\t\t<div class=\"elementor-icon-wrapper\">\n\t\t\t<div class=\"elementor-icon\">\n\t\t\t<i aria-hidden=\"true\" class=\"fas fa-water\"><\/i>\t\t\t<\/div>\n\t\t<\/div>\n\t\t\t\t<\/div>\n\t\t\t\t<\/div>\n\t\t\t\t<div class=\"elementor-element elementor-element-1401102 elementor-widget elementor-widget-heading\" data-id=\"1401102\" data-element_type=\"widget\" data-widget_type=\"heading.default\">\n\t\t\t\t<div class=\"elementor-widget-container\">\n\t\t\t<h2 class=\"elementor-heading-title elementor-size-default\">Le chauffe-eau solaire<\/h2>\t\t<\/div>\n\t\t\t\t<\/div>\n\t\t\t\t<div class=\"elementor-element elementor-element-4f6265e elementor-widget elementor-widget-text-editor\" data-id=\"4f6265e\" data-element_type=\"widget\" data-widget_type=\"text-editor.default\">\n\t\t\t\t<div class=\"elementor-widget-container\">\n\t\t\t\t\t\t\t\t<span style=\"color: #000000;\">Le chauffe-eau solaire est \u00e9quip\u00e9 d\u2019un r\u00e9gulateur \u00e9lectronique, un ou plusieurs capteurs vitr\u00e9s avec un absorbeur, une pompe de circulation, un vase d\u2019expansion, ainsi qu\u2019un ballon de stockage qui peut \u00eatre int\u00e9gr\u00e9 ou non au dispositif, et un circuit de plomberie de transfert de la chaleur. Lorsque le soleil commence \u00e0 transmettre de l\u2019\u00e9nergie, la temp\u00e9rature de l\u2019absorbeur contenue dans les panneaux solaires thermiques va commencer \u00e0 s\u2019\u00e9lever. Cette chaleur est ensuite transmise au fluide caloporteur.<\/p>\t\t\t\t\t\t<\/div>\n\t\t\t\t<\/div>\n\t\t\t\t<div class=\"elementor-element elementor-element-23107bb elementor-widget elementor-widget-button\" data-id=\"23107bb\" data-element_type=\"widget\" data-widget_type=\"button.default\">\n\t\t\t\t<div class=\"elementor-widget-container\">\n\t\t\t\t\t<div class=\"elementor-button-wrapper\">\n\t\t\t<a href=\"http:\/\/pemeant.fr\/index.php\/contact\/\" class=\"elementor-button-link elementor-button elementor-size-sm\" role=\"button\">\n\t\t\t\t\t\t<span class=\"elementor-button-content-wrapper\">\n\t\t\t\t\t\t<span class=\"elementor-button-text\">CONTACTEZ-NOUS<\/span>\n\t\t<\/span>\n\t\t\t\t\t<\/a>\n\t\t<\/div>\n\t\t\t\t<\/div>\n\t\t\t\t<\/div>\n\t\t\t\t\t<\/div>\n\t\t<\/div>\n\t\t\t\t<div class=\"elementor-column elementor-col-50 elementor-top-column elementor-element elementor-element-ca44c59\" data-id=\"ca44c59\" data-element_type=\"column\" data-settings=\"{&quot;background_background&quot;:&quot;classic&quot;}\">\n\t\t\t<div class=\"elementor-widget-wrap elementor-element-populated\">\n\t\t\t\t\t\t\t\t<div class=\"elementor-element elementor-element-568d197 elementor-widget elementor-widget-image\" data-id=\"568d197\" data-element_type=\"widget\" data-widget_type=\"image.default\">\n\t\t\t\t<div class=\"elementor-widget-container\">\n\t\t\t\t\t\t\t\t\t\t\t\t\t\t\t<img width=\"810\" height=\"544\" src=\"https:\/\/pemeant.fr\/wp-content\/uploads\/2021\/07\/Produktbild_CESI.png\" class=\"attachment-large size-large\" alt=\"\" loading=\"lazy\" srcset=\"https:\/\/pemeant.fr\/wp-content\/uploads\/2021\/07\/Produktbild_CESI.png 810w, https:\/\/pemeant.fr\/wp-content\/uploads\/2021\/07\/Produktbild_CESI-300x201.png 300w, https:\/\/pemeant.fr\/wp-content\/uploads\/2021\/07\/Produktbild_CESI-768x516.png 768w\" sizes=\"(max-width: 810px) 100vw, 810px\" \/>\t\t\t\t\t\t\t\t\t\t\t\t\t\t\t<\/div>\n\t\t\t\t<\/div>\n\t\t\t\t\t<\/div>\n\t\t<\/div>\n\t\t\t\t\t\t\t<\/div>\n\t\t<\/section>\n\t\t\t\t\t\t<\/div>\n\t\t\t\t\t<\/div>\n\t\t","protected":false},"excerpt":{"rendered":"<p>Le chauffe-eau solaire Le chauffe-eau solaire est \u00e9quip\u00e9 d\u2019un r\u00e9gulateur \u00e9lectronique, un ou plusieurs capteurs vitr\u00e9s avec un absorbeur, une pompe de circulation, un vase d\u2019expansion, ainsi qu\u2019un ballon de stockage qui peut \u00eatre int\u00e9gr\u00e9 ou non au dispositif, et un circuit de plomberie de transfert de la chaleur. Lorsque le soleil commence \u00e0 transmettre &hellip;<\/p>\n<p class=\"read-more\"> <a class=\"\" href=\"https:\/\/pemeant.fr\/index.php\/chauffe-eau-solaire\/\"> <span class=\"screen-reader-text\">Chauffe-eau solaire<\/span> Lire la suite\u00a0\u00bb<\/a><\/p>\n","protected":false},"author":1,"featured_media":0,"parent":0,"menu_order":0,"comment_status":"closed","ping_status":"closed","template":"","meta":[],"_links":{"self":[{"href":"https:\/\/pemeant.fr\/index.php\/wp-json\/wp\/v2\/pages\/775"}],"collection":[{"href":"https:\/\/pemeant.fr\/index.php\/wp-json\/wp\/v2\/pages"}],"about":[{"href":"https:\/\/pemeant.fr\/index.php\/wp-json\/wp\/v2\/types\/page"}],"author":[{"embeddable":true,"href":"https:\/\/pemeant.fr\/index.php\/wp-json\/wp\/v2\/users\/1"}],"replies":[{"embeddable":true,"href":"https:\/\/pemeant.fr\/index.php\/wp-json\/wp\/v2\/comments?post=775"}],"version-history":[{"count":19,"href":"https:\/\/pemeant.fr\/index.php\/wp-json\/wp\/v2\/pages\/775\/revisions"}],"predecessor-version":[{"id":1862,"href":"https:\/\/pemeant.fr\/index.php\/wp-json\/wp\/v2\/pages\/775\/revisions\/1862"}],"wp:attachment":[{"href":"https:\/\/pemeant.fr\/index.php\/wp-json\/wp\/v2\/media?parent=775"}],"curies":[{"name":"wp","href":"https:\/\/api.w.org\/{rel}","templated":true}]}}